{"id":1037,"date":"2025-10-07T18:56:14","date_gmt":"2025-10-07T18:56:14","guid":{"rendered":"https:\/\/rodrich.com.br\/?page_id=1037"},"modified":"2026-03-10T23:27:51","modified_gmt":"2026-03-11T02:27:51","slug":"mapa-do-site","status":"publish","type":"page","link":"https:\/\/rodrich.com.br\/?page_id=1037","title":{"rendered":"Mapa do Site"},"content":{"rendered":"\n<style>\n\/* ===========================\n   MAPA DO SITE \u2013 ESTILOS\n=========================== *\/\n\n.sitemap-section {\n    padding: 50px 0;\n}\n\n.sitemap-title {\n    font-size: 32px;\n    margin-bottom: 40px;\n}\n\n\/* Grid: 2 colunas desktop, 1 coluna mobile *\/\n.sitemap-grid {\n    display: grid;\n    grid-template-columns: 1fr 1fr;\n    gap: 40px;\n}\n\n\/* T\u00edtulos que s\u00e3o links *\/\n.sitemap-column h2 a {\n    font-size: 20px;\n    text-decoration: none !important; \/* remove sublinhado *\/\n    color: #333;\n    transition: 0.2s;\n}\n\n.sitemap-column h2 a:hover {\n    color: #007BFF;\n}\n\n\/* Listas *\/\n.sitemap-column ul {\n    list-style: none;\n    padding: 0;\n    margin: 0 0 20px;\n}\n\n.sitemap-column ul li {\n    margin: 6px 0;\n}\n\n\/* Links das listas *\/\n.sitemap-column ul li a {\n    text-decoration: none !important; \/* remove sublinhado *\/\n    color: #333;\n    transition: 0.2s;\n}\n\n.sitemap-column ul li a:hover {\n    color: #007BFF;\n}\n\n\/* Garantia adicional para TODOS os links dentro da se\u00e7\u00e3o *\/\n.sitemap-section a {\n    text-decoration: none !important;\n}\n\n\/* Responsivo *\/\n@media (max-width: 768px) {\n    .sitemap-grid {\n        grid-template-columns: 1fr;\n    }\n}\n<\/style>\n\n<section class=\"sitemap-section\">\n    <div class=\"container\">\n        <h1 class=\"sitemap-title\">Mapa do Site<\/h1>\n\n        <div class=\"sitemap-grid\">\n\n            <!-- ================= COLUNA ESQUERDA ================= -->\n            <div class=\"sitemap-column\">\n\n                <h2><a href=\"https:\/\/rodrich.com.br\/\">Home<\/a><\/h2>\n                <ul>\n                    <li><a href=\"#\">Estrat\u00e9gia Empresarial<\/a><\/li>\n                    <li><a href=\"#\">Finan\u00e7as e Custos<\/a><\/li>\n                    <li><a href=\"#\">Gest\u00e3o e Processos<\/a><\/li>\n                    <li><a href=\"#\">Cultura e Lideran\u00e7a<\/a><\/li>\n                    <li><a href=\"#\">Metodologia<\/a><\/li>\n                    <li><a href=\"#\">Equipe<\/a><\/li>\n                    <li><a href=\"#\">Resultados<\/a><\/li>\n                    <li><a href=\"#\">Artigo<\/a><\/li>\n                    <li><a href=\"#\">Blog<\/a><\/li>\n                    <li><a href=\"#\">Estudo de Caso<\/a><\/li>\n                <\/ul>\n\n                <h2><a href=\"https:\/\/rodrich.com.br\/?page_id=44\">Quem Somos<\/a><\/h2>\n                <ul>\n                    <li><a href=\"https:\/\/rodrich.com.br\/?page_id=44#geral\">Vis\u00e3o Geral<\/a><\/li>\n                    <li><a href=\"https:\/\/rodrich.com.br\/?page_id=44#proposito\">Prop\u00f3sito e Valores<\/a><\/li>\n                    <li><a href=\"https:\/\/rodrich.com.br\/?page_id=44#diferentes\">O Que Nos Faz Diferentes<\/a><\/li>\n                    <li><a href=\"https:\/\/rodrich.com.br\/?page_id=44#resultados\">Compromisso Com Resultados<\/a><\/li>\n                    <li><a href=\"https:\/\/rodrich.com.br\/?page_id=44#contribui%C3%A7ao\">Nossa Contribui\u00e7\u00e3o Para a Sociedade<\/a><\/li>\n                    <li><a href=\"https:\/\/rodrich.com.br\/?page_id=43\">Educa\u00e7\u00e3o<\/a><\/li>\n                    <li><a href=\"#\">Desenvolvimento Econ\u00f4mico<\/a><\/li>\n                    <li><a href=\"#\">Igualdade Social<\/a><\/li>\n                <\/ul>\n\n            <\/div>\n\n            <!-- ================= COLUNA DIREITA ================= -->\n            <div class=\"sitemap-column\">\n\n                <h2><a href=\"https:\/\/rodrich.com.br\/?page_id=202\">Servi\u00e7os<\/a><\/h2>\n                <ul>\n                    <li><a href=\"https:\/\/rodrich.com.br\/?page_id=202#geral\">Vis\u00e3o Geral<\/a><\/li>\n                    <li><a href=\"https:\/\/rodrich.com.br\/?page_id=202#servi%C3%A7os\">Nossos Servi\u00e7os<\/a><\/li>\n                    <li><a href=\"https:\/\/rodrich.com.br\/?page_id=265\">Gest\u00e3o Estrat\u00e9gica<\/a><\/li>\n                    <li><a href=\"https:\/\/rodrich.com.br\/?page_id=276\">Gest\u00e3o Comercial<\/a><\/li>\n                    <li><a href=\"https:\/\/rodrich.com.br\/?page_id=273\">Gest\u00e3o Financeira<\/a><\/li>\n                    <li><a href=\"https:\/\/rodrich.com.br\/?page_id=288\">Gest\u00e3o de Processos<\/a><\/li>\n                    <li><a href=\"https:\/\/rodrich.com.br\/?page_id=282\">Opera\u00e7\u00f5es<\/a><\/li>\n                    <li><a href=\"https:\/\/rodrich.com.br\/?page_id=279\">Gest\u00e3o de Clientes<\/a><\/li>\n                    <li><a href=\"https:\/\/rodrich.com.br\/?page_id=285\">Qualidade em Servi\u00e7os<\/a><\/li>\n                    <li><a href=\"https:\/\/rodrich.com.br\/?page_id=292\">Plano de Neg\u00f3cios<\/a><\/li>\n                <\/ul>\n\n                <h2><a href=\"https:\/\/rodrich.com.br\/?page_id=41\">Gest\u00e3o<\/a><\/h2>\n                <ul>\n                    <li><a href=\"#\">Artigo<\/a><\/li>\n                <\/ul>\n\n                <h2><a href=\"https:\/\/rodrich.com.br\/?page_id=42\">Economia<\/a><\/h2>\n                <ul>\n                    <li><a href=\"#\">Artigo<\/a><\/li>\n                <\/ul>\n\n                <h2><a href=\"https:\/\/rodrich.com.br\/?page_id=43\">Educa\u00e7\u00e3o<\/a><\/h2>\n                <ul>\n                    <li><a href=\"#\">Artigo<\/a><\/li>\n                <\/ul>\n\n                <h2><a href=\"https:\/\/rodrich.com.br\/?page_id=47\">Fale Conosco<\/a><\/h2>\n                <ul>\n                    <li><a href=\"#\"><\/a><\/li>\n                <\/ul>\n\n            <\/div>\n\n        <\/div>\n    <\/div>\n<\/section>\n\n\n\n<div style=\"height:100px\" aria-hidden=\"true\" class=\"wp-block-spacer\"><\/div>\n\n\n\n<!-- ==== IN\u00cdCIO DO RODAP\u00c9 PERSONALIZADO ==== --> \n<div class=\"footer-custom\">\n  <div class=\"footer-wrapper\">\n\n    <!-- LOGO -->\n    <div class=\"footer-logo\">\n      <img decoding=\"async\" src=\"https:\/\/rodrich.com.br\/wp-content\/uploads\/2023\/11\/LOGO-NAME-R-150.png\" alt=\"Company Logo\">\n    <\/div>\n\n    <div class=\"footer-columns\">\n\n      <!-- COLUNA 1 -->\n      <div class=\"footer-col\">\n        <h4>SOBRE A RODRICH<\/h4>\n        <a href=\"#\">Prop\u00f3sito e valores<\/a>\n        <a href=\"#\">O que oferecemos<\/a>\n        <a href=\"#\">Compromisso com resultados<\/a>\n        <a href=\"#\">Compromisso com o desenvolvimento<\/a>\n        <a href=\"#\"><\/a>\n      <\/div>\n\n      <!-- COLUNA 2 -->\n      <div class=\"footer-col\">\n        <h4>SERVI\u00c7OS<\/h4>\n        <a href=\"#\">Consultoria<\/a>\n        <a href=\"#\">Gest\u00e3o<\/a>\n        <a href=\"#\">Economia<\/a>\n        <a href=\"#\">Educa\u00e7\u00e3o<\/a>\n        <a href=\"#\"><\/a>\n      <\/div>\n\n      <!-- COLUNA 3 -->\n      <div class=\"footer-col\">\n        <h4>EXPLORE<\/h4>\n        <a href=\"#\">Artigo<\/a>\n        <a href=\"#\">Videos<\/a>\n        <a href=\"#\"><\/a>\n        <a href=\"#\"><\/a>\n      <\/div>\n\n      <!-- COLUNA 4 -->\n      <div class=\"footer-col\">\n        <h4>INFORMA\u00c7\u00d5ES RELACIONADAS<\/h4>\n        <a href=\"https:\/\/rodrich.com.br\/?page_id=47\">Fale conosco<\/a>\n        <a href=\"https:\/\/rodrich.com.br\/?page_id=1037\">Mapa do site<\/a>\n        <a href=\"https:\/\/rodrich.com.br\/?page_id=174\">Pol\u00edtica de privacidade<\/a>\n        <a href=\"https:\/\/rodrich.com.br\/?page_id=2432\">Termos de uso<\/a>\n      <\/div>\n\n      <!-- COLUNA 5 -->\n      <div class=\"footer-col footer-social-col\">\n        <h4>REDE RODRICH<\/h4>\n\n        <div class=\"footer-social\">\n          <a href=\"#\"><img decoding=\"async\" src=\"https:\/\/img.icons8.com\/?size=100&#038;id=Qfh1PDlzLB72&#038;format=png&#038;color=FFFFFF\" alt=\"LinkedIn\"><\/a>\n          <a href=\"#\"><img decoding=\"async\" src=\"https:\/\/img.icons8.com\/?size=100&#038;id=oNs9WuTrXJUL&#038;format=png&#038;color=FFFFFF\" alt=\"YouTube\"><\/a>\n          <a href=\"#\"><img decoding=\"async\" src=\"https:\/\/img.icons8.com\/?size=100&#038;id=p6GOWHmaPzFt&#038;format=png&#038;color=FFFFFF\" alt=\"Instagram\"><\/a>\n          <a href=\"#\"><img decoding=\"async\" src=\"https:\/\/img.icons8.com\/?size=100&#038;id=aaoukT8evpOE&#038;format=png&#038;color=FFFFFF\" alt=\"TikTok\"><\/a>\n          <a href=\"#\"><img decoding=\"async\" src=\"https:\/\/img.icons8.com\/?size=100&#038;id=0mRu7iM61Z8k&#038;format=png&#038;color=FFFFFF\" alt=\"Facebook\"><\/a>\n        <\/div>\n\n      <\/div>\n\n    <\/div>\n\n  <\/div>\n\n<style>\n\/* ====== ESTILO BASE ====== *\/\n\n.footer-custom {\n  border-top: 1px solid #0A2354;\n  background: #0A2354;\n  color: #fff;\n  padding: 60px 5% 40px;\n  box-sizing: border-box;\n  width: 100vw;\n  position: relative;\n  left: 50%;\n  right: 50%;\n  margin-left: -50vw;\n  margin-right: -50vw;\n  margin-bottom: 0 !important;\n}\n\n.footer-wrapper {\n  max-width: 1400px;\n  margin: auto;\n}\n\n\/* LOGO *\/\n\n.footer-logo {\n  margin-bottom: 45px;\n}\n\n.footer-logo img {\n  max-width: 200px;\n  height: auto;\n}\n\n\/* COLUNAS *\/\n\n.footer-columns {\n  display: grid;\n  grid-template-columns: repeat(5, 1fr);\n  column-gap: 70px;\n  align-items: start;\n}\n\n.footer-col {\n  display: flex;\n  flex-direction: column;\n}\n\n\/* TITULOS *\/\n\n.footer-col h4 {\n  font-size: 16px;\n  margin-bottom: 18px;\n  font-weight: 600;\n}\n\n\/* LINKS (MICRO-ESPA\u00c7AMENTO PREMIUM) *\/\n\n.footer-col a {\n  color: #DFE8E9;\n  text-decoration: none;\n  font-size: 14px;\n  margin: 5px 0;\n  line-height: 1.55;\n  letter-spacing: 0.2px;\n  transition: color 0.2s ease;\n}\n\n.footer-col a:hover {\n  color: #ffffff;\n}\n\n\/* SOCIAL *\/\n\n.footer-social {\n  display: flex;\n  gap: 12px;\n  margin-top: 8px;\n}\n\n.footer-social img {\n  width: 32px;\n  height: 32px;\n  border-radius: 6px;\n  transition: transform 0.2s ease;\n}\n\n.footer-social img:hover {\n  transform: scale(1.1);\n}\n\n\/* ===== AJUSTE DESKTOP SPINTECH ===== *\/\n\n@media (min-width: 769px) {\n\n.post-section,\n#post-section,\n.st-py-default,\n.st-pb-default {\n  margin-bottom: 0 !important;\n  padding-bottom: 0 !important;\n}\n\n.footer-custom {\n  margin-top: 0 !important;\n}\n\n}\n\n\/* ===== RESPONSIVO ===== *\/\n\n@media (max-width: 1024px) {\n\n.footer-columns {\n  grid-template-columns: repeat(2, 1fr);\n  row-gap: 35px;\n}\n\n}\n\n@media (max-width: 768px) {\n\n.footer-custom {\n  padding: 40px 8% 30px;\n  margin-bottom: 0 !important;\n}\n\n.footer-columns {\n  grid-template-columns: 1fr;\n  row-gap: 28px;\n}\n\n.footer-logo {\n  margin-bottom: 30px;\n}\n\n\/* REMOVE ESPA\u00c7O ABAIXO DO RODAP\u00c9 NO MOBILE *\/\n\n.post-section,\n#post-section,\n.st-py-default,\n.st-pb-default,\n.site-footer,\n.footer,\n.st-footer {\n  margin-bottom: 0 !important;\n  padding-bottom: 0 !important;\n}\n\nbody {\n  margin-bottom: 0 !important;\n}\n\n}\n\n\/* ===== COR DO RODAP\u00c9 SPINTECH ===== *\/\n\nfooter,\nfooter .site-footer,\nfooter .footer,\nfooter .st-footer,\n.site-footer,\n.footer,\n.st-footer,\n.footer-widgets,\n.footer-widgets .widget,\n.footer-widgets .widget * {\n  background-color: #0A2354 !important;\n  color: #fff !important;\n}\n\n.footer-info,\n.footer-info *,\n.site-footer .site-info,\n.site-footer .site-info * {\n  background-color: #0A2354 !important;\n  color: #fff !important;\n}\n\n<\/style>\n<\/div>\n<!-- ==== FIM DO RODAP\u00c9 PERSONALIZADO ==== -->\n\n\n","protected":false},"excerpt":{"rendered":"<p>Mapa do Site Home Estrat\u00e9gia Empresarial Finan\u00e7as e Custos Gest\u00e3o e Processos Cultura e Lideran\u00e7a Metodologia Equipe Resultados Artigo Blog Estudo de Caso Quem Somos Vis\u00e3o Geral Prop\u00f3sito e Valores O Que Nos Faz Diferentes Compromisso Com Resultados Nossa Contribui\u00e7\u00e3o Para a Sociedade Educa\u00e7\u00e3o Desenvolvimento Econ\u00f4mico Igualdade Social Servi\u00e7os Vis\u00e3o Geral Nossos Servi\u00e7os Gest\u00e3o Estrat\u00e9gica [&hellip;]<\/p>\n","protected":false},"author":1,"featured_media":0,"parent":0,"menu_order":0,"comment_status":"closed","ping_status":"closed","template":"","meta":{"footnotes":""},"class_list":["post-1037","page","type-page","status-publish","hentry"],"_links":{"self":[{"href":"https:\/\/rodrich.com.br\/index.php?rest_route=\/wp\/v2\/pages\/1037","targetHints":{"allow":["GET"]}}],"collection":[{"href":"https:\/\/rodrich.com.br\/index.php?rest_route=\/wp\/v2\/pages"}],"about":[{"href":"https:\/\/rodrich.com.br\/index.php?rest_route=\/wp\/v2\/types\/page"}],"author":[{"embeddable":true,"href":"https:\/\/rodrich.com.br\/index.php?rest_route=\/wp\/v2\/users\/1"}],"replies":[{"embeddable":true,"href":"https:\/\/rodrich.com.br\/index.php?rest_route=%2Fwp%2Fv2%2Fcomments&post=1037"}],"version-history":[{"count":25,"href":"https:\/\/rodrich.com.br\/index.php?rest_route=\/wp\/v2\/pages\/1037\/revisions"}],"predecessor-version":[{"id":3922,"href":"https:\/\/rodrich.com.br\/index.php?rest_route=\/wp\/v2\/pages\/1037\/revisions\/3922"}],"wp:attachment":[{"href":"https:\/\/rodrich.com.br\/index.php?rest_route=%2Fwp%2Fv2%2Fmedia&parent=1037"}],"curies":[{"name":"wp","href":"https:\/\/api.w.org\/{rel}","templated":true}]}}