{"id":43,"date":"2023-11-13T20:31:49","date_gmt":"2023-11-13T20:31:49","guid":{"rendered":"http:\/\/rodrich.com.br\/?page_id=43"},"modified":"2026-03-10T23:31:17","modified_gmt":"2026-03-11T02:31:17","slug":"educacional","status":"publish","type":"page","link":"https:\/\/rodrich.com.br\/?page_id=43","title":{"rendered":"Educa\u00e7\u00e3o"},"content":{"rendered":"\n<p>Fortalecemos seu neg\u00f3cio com programas educacionais liderados por profissionais experientes, promovendo conhecimento pr\u00e1tico e fomentando resultados sustent\u00e1veis para sua equipe e empresa.<\/p>\n\n\n\n<div style=\"height:25px\" aria-hidden=\"true\" class=\"wp-block-spacer\"><\/div>\n\n\n\n<p>O nosso universo de aprimoramento empresarial foi desenvolvido para voc\u00ea, que \u00e9 um vision\u00e1rio em busca de conhecimento e inova\u00e7\u00e3o para o seu neg\u00f3cio. Nossos cursos s\u00e3o ministrados por profissionais capacitados, experts que trazem uma bagagem valiosa em gest\u00e3o empresarial. Oferecemos acesso a insights estrat\u00e9gicos, ferramentas pr\u00e1ticas e estrat\u00e9gias comprovadas que impulsionar\u00e3o o crescimento sustent\u00e1vel de sua empresa.<\/p>\n\n\n\n<div style=\"height:25px\" aria-hidden=\"true\" class=\"wp-block-spacer\"><\/div>\n\n\n\n<p>Estamos prontos para proporcionar essa experi\u00eancia enriquecedora diretamente para a sua equipe, transformando o seu tempo em momentos inspiradores de aprendizado. Acreditamos que o conhecimento \u00e9 a chave para o sucesso, e estamos aqui para capacit\u00e1-lo a liderar a sua empresa rumo a novos horizontes. Junte-se a n\u00f3s nessa jornada de excel\u00eancia empresarial e descubra como a sua empresa pode atingir todo o seu potencial. A oportunidade aguarda por voc\u00ea!<\/p>\n\n\n\n<div style=\"height:100px\" aria-hidden=\"true\" class=\"wp-block-spacer\"><\/div>\n\n\n\n<!-- ==== IN\u00cdCIO DO RODAP\u00c9 PERSONALIZADO ==== --> \n<div class=\"footer-custom\">\n  <div class=\"footer-wrapper\">\n\n    <!-- LOGO -->\n    <div class=\"footer-logo\">\n      <img decoding=\"async\" src=\"https:\/\/rodrich.com.br\/wp-content\/uploads\/2023\/11\/LOGO-NAME-R-150.png\" alt=\"Company Logo\">\n    <\/div>\n\n    <div class=\"footer-columns\">\n\n      <!-- COLUNA 1 -->\n      <div class=\"footer-col\">\n        <h4>SOBRE A RODRICH<\/h4>\n        <a href=\"#\">Prop\u00f3sito e valores<\/a>\n        <a href=\"#\">O que oferecemos<\/a>\n        <a href=\"#\">Compromisso com resultados<\/a>\n        <a href=\"#\">Compromisso com o desenvolvimento<\/a>\n        <a href=\"#\"><\/a>\n      <\/div>\n\n      <!-- COLUNA 2 -->\n      <div class=\"footer-col\">\n        <h4>SERVI\u00c7OS<\/h4>\n        <a href=\"#\">Consultoria<\/a>\n        <a href=\"#\">Gest\u00e3o<\/a>\n        <a href=\"#\">Economia<\/a>\n        <a href=\"#\">Educa\u00e7\u00e3o<\/a>\n        <a href=\"#\"><\/a>\n      <\/div>\n\n      <!-- COLUNA 3 -->\n      <div class=\"footer-col\">\n        <h4>EXPLORE<\/h4>\n        <a href=\"#\">Artigo<\/a>\n        <a href=\"#\">Videos<\/a>\n        <a href=\"#\"><\/a>\n        <a href=\"#\"><\/a>\n      <\/div>\n\n      <!-- COLUNA 4 -->\n      <div class=\"footer-col\">\n        <h4>INFORMA\u00c7\u00d5ES RELACIONADAS<\/h4>\n        <a href=\"https:\/\/rodrich.com.br\/?page_id=47\">Fale conosco<\/a>\n        <a href=\"https:\/\/rodrich.com.br\/?page_id=1037\">Mapa do site<\/a>\n        <a href=\"https:\/\/rodrich.com.br\/?page_id=174\">Pol\u00edtica de privacidade<\/a>\n        <a href=\"https:\/\/rodrich.com.br\/?page_id=2432\">Termos de uso<\/a>\n      <\/div>\n\n      <!-- COLUNA 5 -->\n      <div class=\"footer-col footer-social-col\">\n        <h4>REDE RODRICH<\/h4>\n\n        <div class=\"footer-social\">\n          <a href=\"#\"><img decoding=\"async\" src=\"https:\/\/img.icons8.com\/?size=100&#038;id=Qfh1PDlzLB72&#038;format=png&#038;color=FFFFFF\" alt=\"LinkedIn\"><\/a>\n          <a href=\"#\"><img decoding=\"async\" src=\"https:\/\/img.icons8.com\/?size=100&#038;id=oNs9WuTrXJUL&#038;format=png&#038;color=FFFFFF\" alt=\"YouTube\"><\/a>\n          <a href=\"#\"><img decoding=\"async\" src=\"https:\/\/img.icons8.com\/?size=100&#038;id=p6GOWHmaPzFt&#038;format=png&#038;color=FFFFFF\" alt=\"Instagram\"><\/a>\n          <a href=\"#\"><img decoding=\"async\" src=\"https:\/\/img.icons8.com\/?size=100&#038;id=aaoukT8evpOE&#038;format=png&#038;color=FFFFFF\" alt=\"TikTok\"><\/a>\n          <a href=\"#\"><img decoding=\"async\" src=\"https:\/\/img.icons8.com\/?size=100&#038;id=0mRu7iM61Z8k&#038;format=png&#038;color=FFFFFF\" alt=\"Facebook\"><\/a>\n        <\/div>\n\n      <\/div>\n\n    <\/div>\n\n  <\/div>\n\n<style>\n\/* ====== ESTILO BASE ====== *\/\n\n.footer-custom {\n  border-top: 1px solid #0A2354;\n  background: #0A2354;\n  color: #fff;\n  padding: 60px 5% 40px;\n  box-sizing: border-box;\n  width: 100vw;\n  position: relative;\n  left: 50%;\n  right: 50%;\n  margin-left: -50vw;\n  margin-right: -50vw;\n  margin-bottom: 0 !important;\n}\n\n.footer-wrapper {\n  max-width: 1400px;\n  margin: auto;\n}\n\n\/* LOGO *\/\n\n.footer-logo {\n  margin-bottom: 45px;\n}\n\n.footer-logo img {\n  max-width: 200px;\n  height: auto;\n}\n\n\/* COLUNAS *\/\n\n.footer-columns {\n  display: grid;\n  grid-template-columns: repeat(5, 1fr);\n  column-gap: 70px;\n  align-items: start;\n}\n\n.footer-col {\n  display: flex;\n  flex-direction: column;\n}\n\n\/* TITULOS *\/\n\n.footer-col h4 {\n  font-size: 16px;\n  margin-bottom: 18px;\n  font-weight: 600;\n}\n\n\/* LINKS (MICRO-ESPA\u00c7AMENTO PREMIUM) *\/\n\n.footer-col a {\n  color: #DFE8E9;\n  text-decoration: none;\n  font-size: 14px;\n  margin: 5px 0;\n  line-height: 1.55;\n  letter-spacing: 0.2px;\n  transition: color 0.2s ease;\n}\n\n.footer-col a:hover {\n  color: #ffffff;\n}\n\n\/* SOCIAL *\/\n\n.footer-social {\n  display: flex;\n  gap: 12px;\n  margin-top: 8px;\n}\n\n.footer-social img {\n  width: 32px;\n  height: 32px;\n  border-radius: 6px;\n  transition: transform 0.2s ease;\n}\n\n.footer-social img:hover {\n  transform: scale(1.1);\n}\n\n\/* ===== AJUSTE DESKTOP SPINTECH ===== *\/\n\n@media (min-width: 769px) {\n\n.post-section,\n#post-section,\n.st-py-default,\n.st-pb-default {\n  margin-bottom: 0 !important;\n  padding-bottom: 0 !important;\n}\n\n.footer-custom {\n  margin-top: 0 !important;\n}\n\n}\n\n\/* ===== RESPONSIVO ===== *\/\n\n@media (max-width: 1024px) {\n\n.footer-columns {\n  grid-template-columns: repeat(2, 1fr);\n  row-gap: 35px;\n}\n\n}\n\n@media (max-width: 768px) {\n\n.footer-custom {\n  padding: 40px 8% 30px;\n  margin-bottom: 0 !important;\n}\n\n.footer-columns {\n  grid-template-columns: 1fr;\n  row-gap: 28px;\n}\n\n.footer-logo {\n  margin-bottom: 30px;\n}\n\n\/* REMOVE ESPA\u00c7O ABAIXO DO RODAP\u00c9 NO MOBILE *\/\n\n.post-section,\n#post-section,\n.st-py-default,\n.st-pb-default,\n.site-footer,\n.footer,\n.st-footer {\n  margin-bottom: 0 !important;\n  padding-bottom: 0 !important;\n}\n\nbody {\n  margin-bottom: 0 !important;\n}\n\n}\n\n\/* ===== COR DO RODAP\u00c9 SPINTECH ===== *\/\n\nfooter,\nfooter .site-footer,\nfooter .footer,\nfooter .st-footer,\n.site-footer,\n.footer,\n.st-footer,\n.footer-widgets,\n.footer-widgets .widget,\n.footer-widgets .widget * {\n  background-color: #0A2354 !important;\n  color: #fff !important;\n}\n\n.footer-info,\n.footer-info *,\n.site-footer .site-info,\n.site-footer .site-info * {\n  background-color: #0A2354 !important;\n  color: #fff !important;\n}\n\n<\/style>\n<\/div>\n<!-- ==== FIM DO RODAP\u00c9 PERSONALIZADO ==== -->\n\n\n","protected":false},"excerpt":{"rendered":"<p>Fortalecemos seu neg\u00f3cio com programas educacionais liderados por profissionais experientes, promovendo conhecimento pr\u00e1tico e fomentando resultados sustent\u00e1veis para sua equipe e empresa. O nosso universo de aprimoramento empresarial foi desenvolvido para voc\u00ea, que \u00e9 um vision\u00e1rio em busca de conhecimento e inova\u00e7\u00e3o para o seu neg\u00f3cio. Nossos cursos s\u00e3o ministrados por profissionais capacitados, experts que [&hellip;]<\/p>\n","protected":false},"author":1,"featured_media":0,"parent":0,"menu_order":0,"comment_status":"closed","ping_status":"closed","template":"","meta":{"footnotes":""},"class_list":["post-43","page","type-page","status-publish","hentry"],"_links":{"self":[{"href":"https:\/\/rodrich.com.br\/index.php?rest_route=\/wp\/v2\/pages\/43","targetHints":{"allow":["GET"]}}],"collection":[{"href":"https:\/\/rodrich.com.br\/index.php?rest_route=\/wp\/v2\/pages"}],"about":[{"href":"https:\/\/rodrich.com.br\/index.php?rest_route=\/wp\/v2\/types\/page"}],"author":[{"embeddable":true,"href":"https:\/\/rodrich.com.br\/index.php?rest_route=\/wp\/v2\/users\/1"}],"replies":[{"embeddable":true,"href":"https:\/\/rodrich.com.br\/index.php?rest_route=%2Fwp%2Fv2%2Fcomments&post=43"}],"version-history":[{"count":31,"href":"https:\/\/rodrich.com.br\/index.php?rest_route=\/wp\/v2\/pages\/43\/revisions"}],"predecessor-version":[{"id":3933,"href":"https:\/\/rodrich.com.br\/index.php?rest_route=\/wp\/v2\/pages\/43\/revisions\/3933"}],"wp:attachment":[{"href":"https:\/\/rodrich.com.br\/index.php?rest_route=%2Fwp%2Fv2%2Fmedia&parent=43"}],"curies":[{"name":"wp","href":"https:\/\/api.w.org\/{rel}","templated":true}]}}